{"id":26043039,"date":"2025-11-20T12:56:15","date_gmt":"2025-11-20T12:56:15","guid":{"rendered":"https:\/\/www.axoplast.com\/?page_id=26043039"},"modified":"2026-03-04T13:07:07","modified_gmt":"2026-03-04T13:07:07","slug":"medical","status":"publish","type":"page","link":"https:\/\/www.axoplast.com\/en\/marches\/medical\/","title":{"rendered":"Medical"},"content":{"rendered":"<p>[et_pb_section fb_built=\u00a0\u00bb1&Prime; custom_padding_last_edited=\u00a0\u00bbon|phone\u00a0\u00bb _builder_version=\u00a0\u00bb4.27.5&Prime; _module_preset=\u00a0\u00bbdefault\u00a0\u00bb background_enable_color=\u00a0\u00bboff\u00a0\u00bb use_background_color_gradient=\u00a0\u00bbon\u00a0\u00bb background_color_gradient_direction=\u00a0\u00bb128deg\u00a0\u00bb background_color_gradient_stops=\u00a0\u00bbrgba(45,46,131,0.84) 26%|rgba(45,46,131,0) 76%\u00a0\u00bb background_color_gradient_overlays_image=\u00a0\u00bbon\u00a0\u00bb background_image=\u00a0\u00bbhttps:\/\/www.axoplast.com\/wp-content\/uploads\/2026\/01\/envato-labs-image-edit-17-1-scaled.png\u00a0\u00bb background_position=\u00a0\u00bbtop_center\u00a0\u00bb background_vertical_offset=\u00a0\u00bb70%\u00a0\u00bb custom_padding=\u00a0\u00bb100px||100px||true|false\u00a0\u00bb custom_padding_tablet=\u00a0\u00bb140px||140px||true|\u00a0\u00bb custom_padding_phone=\u00a0\u00bb70px||70px||true|false\u00a0\u00bb background_last_edited=\u00a0\u00bbon|phone\u00a0\u00bb use_background_color_gradient_phone=\u00a0\u00bbon\u00a0\u00bb background_color_gradient_repeat_phone=\u00a0\u00bboff\u00a0\u00bb background_color_gradient_type_phone=\u00a0\u00bblinear\u00a0\u00bb background_color_gradient_direction_phone=\u00a0\u00bb13deg\u00a0\u00bb background_color_gradient_stops_phone=\u00a0\u00bb#2d2e83 0%|rgba(236,103,8,0.23) 100%\u00a0\u00bb background_color_gradient_unit_phone=\u00a0\u00bb%\u00a0\u00bb background_color_gradient_overlays_image_phone=\u00a0\u00bbon\u00a0\u00bb background_size_phone=\u00a0\u00bbcover\u00a0\u00bb background_image_width_phone=\u00a0\u00bb100%\u00a0\u00bb background_position_phone=\u00a0\u00bbcenter_left\u00a0\u00bb background_horizontal_offset_phone=\u00a0\u00bb100%\u00a0\u00bb background_vertical_offset_phone=\u00a0\u00bb11%\u00a0\u00bb locked=\u00a0\u00bboff\u00a0\u00bb global_colors_info=\u00a0\u00bb{}\u00a0\u00bb][et_pb_row _builder_version=\u00a0\u00bb4.16&Prime; _module_preset=\u00a0\u00bbdefault\u00a0\u00bb global_colors_info=\u00a0\u00bb{}\u00a0\u00bb][et_pb_column type=\u00a0\u00bb4_4&Prime; _builder_version=\u00a0\u00bb4.16&Prime; _module_preset=\u00a0\u00bbdefault\u00a0\u00bb global_colors_info=\u00a0\u00bb{}\u00a0\u00bb][et_pb_text _builder_version=\u00a0\u00bb4.27.4&Prime; _dynamic_attributes=\u00a0\u00bbcontent\u00a0\u00bb _module_preset=\u00a0\u00bbdefault\u00a0\u00bb header_font=\u00a0\u00bb&#8211;et_global_heading_font|700|||||||\u00a0\u00bb header_text_align=\u00a0\u00bbleft\u00a0\u00bb header_text_color=\u00a0\u00bb#FFFFFF\u00a0\u00bb header_font_size=\u00a0\u00bb60px\u00a0\u00bb header_letter_spacing=\u00a0\u00bb2px\u00a0\u00bb header_line_height=\u00a0\u00bb1.4em\u00a0\u00bb max_width=\u00a0\u00bb100%\u00a0\u00bb max_width_tablet=\u00a0\u00bb100%\u00a0\u00bb max_width_phone=\u00a0\u00bb100%\u00a0\u00bb max_width_last_edited=\u00a0\u00bbon|tablet\u00a0\u00bb module_alignment=\u00a0\u00bbcenter\u00a0\u00bb custom_margin=\u00a0\u00bb||||false|false\u00a0\u00bb header_font_size_tablet=\u00a0\u00bb50px\u00a0\u00bb header_font_size_phone=\u00a0\u00bb35px\u00a0\u00bb header_font_size_last_edited=\u00a0\u00bbon|tablet\u00a0\u00bb locked=\u00a0\u00bboff\u00a0\u00bb global_colors_info=\u00a0\u00bb{}\u00a0\u00bb max_width__hover_enabled=\u00a0\u00bboff|desktop\u00a0\u00bb]@ET-DC@eyJkeW5hbWljIjp0cnVlLCJjb250ZW50IjoicG9zdF90aXRsZSIsInNldHRpbmdzIjp7ImJlZm9yZSI6IjxoMT4iLCJhZnRlciI6IjwvaDE+In19@[\/et_pb_text][\/et_pb_column][\/et_pb_row][\/et_pb_section][et_pb_section fb_built=\u00a0\u00bb1&Prime; _builder_version=\u00a0\u00bb4.27.4&Prime; _module_preset=\u00a0\u00bbdefault\u00a0\u00bb background_color=\u00a0\u00bb#f2f2f2&Prime; custom_padding=\u00a0\u00bb6px||6px||true|false\u00a0\u00bb locked=\u00a0\u00bboff\u00a0\u00bb global_colors_info=\u00a0\u00bb{}\u00a0\u00bb][et_pb_row custom_padding_last_edited=\u00a0\u00bbon|phone\u00a0\u00bb _builder_version=\u00a0\u00bb4.27.4&Prime; _module_preset=\u00a0\u00bbdefault\u00a0\u00bb width=\u00a0\u00bb97.8%\u00a0\u00bb custom_margin=\u00a0\u00bb0px|auto|0px||true|false\u00a0\u00bb custom_padding=\u00a0\u00bb10px|80px|4px|4px|false|false\u00a0\u00bb custom_padding_tablet=\u00a0\u00bb10px|80px|4px|80px|false|false\u00a0\u00bb custom_padding_phone=\u00a0\u00bb|19px||19px|false|true\u00a0\u00bb global_colors_info=\u00a0\u00bb{}\u00a0\u00bb][et_pb_column type=\u00a0\u00bb4_4&Prime; _builder_version=\u00a0\u00bb4.27.4&Prime; _module_preset=\u00a0\u00bbdefault\u00a0\u00bb global_colors_info=\u00a0\u00bb{}\u00a0\u00bb][dipi_breadcrumbs bc_custom_home=\u00a0\u00bbon\u00a0\u00bb bc_home_text=\u00a0\u00bbAccueil\u00a0\u00bb _builder_version=\u00a0\u00bb4.27.4&Prime; _module_preset=\u00a0\u00bbdefault\u00a0\u00bb items_font=\u00a0\u00bbAvenir Next LT Pro Condensed||||||||\u00a0\u00bb items_font_size=\u00a0\u00bb18px\u00a0\u00bb items_font_size_tablet=\u00a0\u00bb18px\u00a0\u00bb items_font_size_phone=\u00a0\u00bb15px\u00a0\u00bb items_font_size_last_edited=\u00a0\u00bbon|phone\u00a0\u00bb module_alignment_tablet=\u00a0\u00bb\u00a0\u00bb module_alignment_phone=\u00a0\u00bbcenter\u00a0\u00bb module_alignment_last_edited=\u00a0\u00bbon|phone\u00a0\u00bb global_colors_info=\u00a0\u00bb{}\u00a0\u00bb][\/dipi_breadcrumbs][\/et_pb_column][\/et_pb_row][\/et_pb_section][et_pb_section fb_built=\u00a0\u00bb1&Prime; _builder_version=\u00a0\u00bb4.16&Prime; _module_preset=\u00a0\u00bbdefault\u00a0\u00bb locked=\u00a0\u00bboff\u00a0\u00bb global_colors_info=\u00a0\u00bb{}\u00a0\u00bb][et_pb_row column_structure=\u00a0\u00bb1_4,3_4&Prime; _builder_version=\u00a0\u00bb4.16&Prime; _module_preset=\u00a0\u00bbdefault\u00a0\u00bb global_colors_info=\u00a0\u00bb{}\u00a0\u00bb custom_padding=\u00a0\u00bb||120px||false|false\u00a0\u00bb][et_pb_column type=\u00a0\u00bb1_4&Prime; _builder_version=\u00a0\u00bb4.16&Prime; _module_preset=\u00a0\u00bbdefault\u00a0\u00bb global_colors_info=\u00a0\u00bb{}\u00a0\u00bb][dipi_button_grid flex_wrap=\u00a0\u00bboff\u00a0\u00bb flex_direction_tablet=\u00a0\u00bbcolumn\u00a0\u00bb flex_direction_last_edited=\u00a0\u00bboff|tablet\u00a0\u00bb flex_wrap_tablet=\u00a0\u00bboff\u00a0\u00bb flex_wrap_last_edited=\u00a0\u00bboff|tablet\u00a0\u00bb _builder_version=\u00a0\u00bb4.27.6&Prime; _module_preset=\u00a0\u00bbdefault\u00a0\u00bb custom_button_grid=\u00a0\u00bbon\u00a0\u00bb button_grid_text_size=\u00a0\u00bb15px\u00a0\u00bb button_grid_letter_spacing=\u00a0\u00bb0.5px\u00a0\u00bb button_grid_font=\u00a0\u00bbAvenir Next LT Pro Condensed|300|||||||\u00a0\u00bb width=\u00a0\u00bb100%\u00a0\u00bb custom_margin=\u00a0\u00bb0px|0px|3px|0px|false|false\u00a0\u00bb custom_padding=\u00a0\u00bb0px|0px|0px|0px|false|false\u00a0\u00bb hover_enabled=\u00a0\u00bb0&Prime; locked=\u00a0\u00bboff\u00a0\u00bb global_colors_info=\u00a0\u00bb{}\u00a0\u00bb button_grid_bg_color__hover_enabled=\u00a0\u00bbon|desktop\u00a0\u00bb button_grid_bg_color__hover=\u00a0\u00bb#2D2E83&Prime; button_grid_bg_enable_color__hover=\u00a0\u00bbon\u00a0\u00bb sticky_enabled=\u00a0\u00bb0&Prime;][dipi_button_grid_child button_id=\u00a0\u00bbb\u00e2timent\u00a0\u00bb button_text=\u00a0\u00bbB\u00e2timent\u00a0\u00bb button_link=\u00a0\u00bb@ET-DC@eyJkeW5hbWljIjp0cnVlLCJjb250ZW50IjoicG9zdF9saW5rX3VybF9wYWdlIiwic2V0dGluZ3MiOnsicG9zdF9pZCI6IjI2MDQzMDM1In19@\u00a0\u00bb _builder_version=\u00a0\u00bb4.27.4&Prime; _dynamic_attributes=\u00a0\u00bbbutton_link\u00a0\u00bb _module_preset=\u00a0\u00bbdefault\u00a0\u00bb custom_button=\u00a0\u00bbon\u00a0\u00bb button_text_size=\u00a0\u00bb15px\u00a0\u00bb button_text_color=\u00a0\u00bb#7D8AA1&Prime; button_bg_color=\u00a0\u00bbRGBA(255,255,255,0)\u00a0\u00bb button_border_width=\u00a0\u00bb1px\u00a0\u00bb button_border_color=\u00a0\u00bb#7D8AA1&Prime; button_border_radius=\u00a0\u00bb3px\u00a0\u00bb button_letter_spacing=\u00a0\u00bb0.5px\u00a0\u00bb button_font=\u00a0\u00bbAvenir Next LT Pro Condensed|300||on|||||\u00a0\u00bb button_use_icon=\u00a0\u00bboff\u00a0\u00bb button_custom_padding=\u00a0\u00bb||||true|true\u00a0\u00bb custom_margin=\u00a0\u00bb||0px||false|false\u00a0\u00bb custom_css_main_element=\u00a0\u00bbwidth: 100% !important;\u00a0\u00bb custom_css_button_type=\u00a0\u00bbwidth: 100% !important;||text-align: center;\u00a0\u00bb global_colors_info=\u00a0\u00bb{}\u00a0\u00bb box_shadow_horizontal_button__hover_enabled=\u00a0\u00bbon|hover\u00a0\u00bb box_shadow_horizontal_button__hover=\u00a0\u00bb\u00a0\u00bb button_bg_color__hover_enabled=\u00a0\u00bbon|desktop\u00a0\u00bb button_bg_color__hover=\u00a0\u00bb#2D2E83&Prime; button_bg_enable_color__hover=\u00a0\u00bbon\u00a0\u00bb button_text_color__hover=\u00a0\u00bb#FFFFFF\u00a0\u00bb button_text_color__hover_enabled=\u00a0\u00bbon|desktop\u00a0\u00bb button_border_color__hover=\u00a0\u00bbRGBA(255,255,255,0)\u00a0\u00bb button_border_color__hover_enabled=\u00a0\u00bbon|hover\u00a0\u00bb button_custom_padding__hover_enabled=\u00a0\u00bbon|hover\u00a0\u00bb button_custom_padding__hover=\u00a0\u00bb||||true|true\u00a0\u00bb][\/dipi_button_grid_child][dipi_button_grid_child button_id=\u00a0\u00bb\u00c9lectrotechnique\u00a0\u00bb button_text=\u00a0\u00bb\u00c9lectrotechnique\u00a0\u00bb button_link=\u00a0\u00bb@ET-DC@eyJkeW5hbWljIjp0cnVlLCJjb250ZW50IjoicG9zdF9saW5rX3VybF9wYWdlIiwic2V0dGluZ3MiOnsicG9zdF9pZCI6IjI2MDQzMDM3In19@\u00a0\u00bb _builder_version=\u00a0\u00bb4.27.4&Prime; _dynamic_attributes=\u00a0\u00bbbutton_link\u00a0\u00bb _module_preset=\u00a0\u00bbdefault\u00a0\u00bb custom_button=\u00a0\u00bbon\u00a0\u00bb button_text_size=\u00a0\u00bb15px\u00a0\u00bb button_text_color=\u00a0\u00bb#7D8AA1&Prime; button_bg_color=\u00a0\u00bbRGBA(255,255,255,0)\u00a0\u00bb button_border_width=\u00a0\u00bb1px\u00a0\u00bb button_border_color=\u00a0\u00bb#7D8AA1&Prime; button_border_radius=\u00a0\u00bb3px\u00a0\u00bb button_letter_spacing=\u00a0\u00bb0.5px\u00a0\u00bb button_font=\u00a0\u00bbAvenir Next LT Pro Condensed|300||on|||||\u00a0\u00bb button_use_icon=\u00a0\u00bboff\u00a0\u00bb button_custom_padding=\u00a0\u00bb||||true|true\u00a0\u00bb custom_margin=\u00a0\u00bb||0px||false|false\u00a0\u00bb custom_css_main_element=\u00a0\u00bbwidth: 100% !important;\u00a0\u00bb custom_css_button_type=\u00a0\u00bbwidth: 100% !important;||text-align: center;\u00a0\u00bb global_colors_info=\u00a0\u00bb{}\u00a0\u00bb box_shadow_horizontal_button__hover_enabled=\u00a0\u00bbon|hover\u00a0\u00bb box_shadow_horizontal_button__hover=\u00a0\u00bb\u00a0\u00bb button_bg_color__hover_enabled=\u00a0\u00bbon|desktop\u00a0\u00bb button_bg_color__hover=\u00a0\u00bb#2D2E83&Prime; button_bg_enable_color__hover=\u00a0\u00bbon\u00a0\u00bb button_text_color__hover_enabled=\u00a0\u00bbon|desktop\u00a0\u00bb button_text_color__hover=\u00a0\u00bb#FFFFFF\u00a0\u00bb button_border_color__hover_enabled=\u00a0\u00bbon|hover\u00a0\u00bb button_border_color__hover=\u00a0\u00bbRGBA(255,255,255,0)\u00a0\u00bb button_custom_margin__hover_enabled=\u00a0\u00bbon|hover\u00a0\u00bb][\/dipi_button_grid_child][dipi_button_grid_child button_id=\u00a0\u00bbM\u00e9dical\u00a0\u00bb button_text=\u00a0\u00bbM\u00e9dical\u00a0\u00bb button_link=\u00a0\u00bb@ET-DC@eyJkeW5hbWljIjp0cnVlLCJjb250ZW50IjoicG9zdF9saW5rX3VybF9wYWdlIiwic2V0dGluZ3MiOnsicG9zdF9pZCI6IjI2MDQzMDM5In19@\u00a0\u00bb _builder_version=\u00a0\u00bb4.27.4&Prime; _dynamic_attributes=\u00a0\u00bbbutton_link\u00a0\u00bb _module_preset=\u00a0\u00bbdefault\u00a0\u00bb custom_button=\u00a0\u00bbon\u00a0\u00bb button_text_size=\u00a0\u00bb15px\u00a0\u00bb button_text_color=\u00a0\u00bb#FFFFFF\u00a0\u00bb button_bg_color=\u00a0\u00bb#EC6708&Prime; button_border_width=\u00a0\u00bb1px\u00a0\u00bb button_border_color=\u00a0\u00bb#EC6708&Prime; button_border_radius=\u00a0\u00bb3px\u00a0\u00bb button_letter_spacing=\u00a0\u00bb0.5px\u00a0\u00bb button_font=\u00a0\u00bbAvenir Next LT Pro Condensed|300||on|||||\u00a0\u00bb button_use_icon=\u00a0\u00bboff\u00a0\u00bb button_custom_padding=\u00a0\u00bb||||true|true\u00a0\u00bb custom_margin=\u00a0\u00bb||0px||false|false\u00a0\u00bb hover_enabled=\u00a0\u00bb0&Prime; custom_css_main_element=\u00a0\u00bbwidth: 100% !important;\u00a0\u00bb custom_css_button_type=\u00a0\u00bbwidth: 100% !important;||text-align: center;\u00a0\u00bb global_colors_info=\u00a0\u00bb{}\u00a0\u00bb box_shadow_horizontal_button__hover_enabled=\u00a0\u00bbon|hover\u00a0\u00bb box_shadow_horizontal_button__hover=\u00a0\u00bb\u00a0\u00bb button_bg_color__hover_enabled=\u00a0\u00bbon|desktop\u00a0\u00bb button_bg_color__hover=\u00a0\u00bb#2D2E83&Prime; button_bg_enable_color__hover=\u00a0\u00bbon\u00a0\u00bb button_text_color__hover_enabled=\u00a0\u00bbon|desktop\u00a0\u00bb button_text_color__hover=\u00a0\u00bb#FFFFFF\u00a0\u00bb button_border_color__hover_enabled=\u00a0\u00bbon|hover\u00a0\u00bb button_border_color__hover=\u00a0\u00bbRGBA(255,255,255,0)\u00a0\u00bb button_custom_padding__hover_enabled=\u00a0\u00bbon|hover\u00a0\u00bb button_custom_padding__hover=\u00a0\u00bb||||true|true\u00a0\u00bb sticky_enabled=\u00a0\u00bb0&Prime;][\/dipi_button_grid_child][dipi_button_grid_child button_id=\u00a0\u00bbS\u00e9curit\u00e9\u00a0\u00bb button_text=\u00a0\u00bb\u00c9quipements s\u00e9curit\u00e9\u00a0\u00bb button_link=\u00a0\u00bb@ET-DC@eyJkeW5hbWljIjp0cnVlLCJjb250ZW50IjoicG9zdF9saW5rX3VybF9wYWdlIiwic2V0dGluZ3MiOnsicG9zdF9pZCI6IjI2MDQzMDQxIn19@\u00a0\u00bb _builder_version=\u00a0\u00bb4.27.5&Prime; _dynamic_attributes=\u00a0\u00bbbutton_link\u00a0\u00bb _module_preset=\u00a0\u00bbdefault\u00a0\u00bb custom_button=\u00a0\u00bbon\u00a0\u00bb button_text_size=\u00a0\u00bb15px\u00a0\u00bb button_text_color=\u00a0\u00bb#7D8AA1&Prime; button_bg_color=\u00a0\u00bbRGBA(255,255,255,0)\u00a0\u00bb button_border_width=\u00a0\u00bb1px\u00a0\u00bb button_border_color=\u00a0\u00bb#7D8AA1&Prime; button_border_radius=\u00a0\u00bb3px\u00a0\u00bb button_letter_spacing=\u00a0\u00bb0.5px\u00a0\u00bb button_font=\u00a0\u00bbAvenir Next LT Pro Condensed|300||on|||||\u00a0\u00bb button_use_icon=\u00a0\u00bboff\u00a0\u00bb button_custom_padding=\u00a0\u00bb||||true|true\u00a0\u00bb custom_margin=\u00a0\u00bb||0px||false|false\u00a0\u00bb custom_css_main_element=\u00a0\u00bbwidth: 100% !important;\u00a0\u00bb custom_css_button_type=\u00a0\u00bbwidth: 100% !important;||text-align: center;\u00a0\u00bb global_colors_info=\u00a0\u00bb{}\u00a0\u00bb box_shadow_horizontal_button__hover_enabled=\u00a0\u00bbon|hover\u00a0\u00bb box_shadow_horizontal_button__hover=\u00a0\u00bb\u00a0\u00bb button_bg_color__hover_enabled=\u00a0\u00bbon|desktop\u00a0\u00bb button_bg_color__hover=\u00a0\u00bb#2D2E83&Prime; button_bg_enable_color__hover=\u00a0\u00bbon\u00a0\u00bb button_text_color__hover_enabled=\u00a0\u00bbon|desktop\u00a0\u00bb button_text_color__hover=\u00a0\u00bb#FFFFFF\u00a0\u00bb button_border_color__hover_enabled=\u00a0\u00bbon|hover\u00a0\u00bb button_border_color__hover=\u00a0\u00bbRGBA(255,255,255,0)\u00a0\u00bb button_custom_padding__hover_enabled=\u00a0\u00bbon|hover\u00a0\u00bb button_custom_padding__hover=\u00a0\u00bb||||true|true\u00a0\u00bb][\/dipi_button_grid_child][dipi_button_grid_child button_id=\u00a0\u00bbCosme\u0301tique\u00a0\u00bb button_text=\u00a0\u00bbCosme\u0301tique\u00a0\u00bb button_link=\u00a0\u00bb@ET-DC@eyJkeW5hbWljIjp0cnVlLCJjb250ZW50IjoicG9zdF9saW5rX3VybF9wYWdlIiwic2V0dGluZ3MiOnsicG9zdF9pZCI6IjI3NzQxNjA2In19@\u00a0\u00bb _builder_version=\u00a0\u00bb4.27.6&Prime; _dynamic_attributes=\u00a0\u00bbbutton_link\u00a0\u00bb _module_preset=\u00a0\u00bbdefault\u00a0\u00bb custom_button=\u00a0\u00bbon\u00a0\u00bb button_text_size=\u00a0\u00bb15px\u00a0\u00bb button_text_color=\u00a0\u00bb#7D8AA1&Prime; button_bg_color=\u00a0\u00bbRGBA(255,255,255,0)\u00a0\u00bb button_border_width=\u00a0\u00bb1px\u00a0\u00bb button_border_color=\u00a0\u00bb#7D8AA1&Prime; button_border_radius=\u00a0\u00bb3px\u00a0\u00bb button_letter_spacing=\u00a0\u00bb0.5px\u00a0\u00bb button_font=\u00a0\u00bbAvenir Next LT Pro Condensed|300||on|||||\u00a0\u00bb button_use_icon=\u00a0\u00bboff\u00a0\u00bb button_custom_padding=\u00a0\u00bb||||true|true\u00a0\u00bb custom_margin=\u00a0\u00bb||0px||false|false\u00a0\u00bb hover_enabled=\u00a0\u00bb0&Prime; custom_css_main_element=\u00a0\u00bbwidth: 100% !important;\u00a0\u00bb custom_css_button_type=\u00a0\u00bbwidth: 100% !important;||text-align: center;\u00a0\u00bb global_colors_info=\u00a0\u00bb{}\u00a0\u00bb box_shadow_horizontal_button__hover_enabled=\u00a0\u00bbon|hover\u00a0\u00bb box_shadow_horizontal_button__hover=\u00a0\u00bb\u00a0\u00bb button_bg_color__hover_enabled=\u00a0\u00bbon|desktop\u00a0\u00bb button_bg_color__hover=\u00a0\u00bb#2D2E83&Prime; button_bg_enable_color__hover=\u00a0\u00bbon\u00a0\u00bb button_text_color__hover_enabled=\u00a0\u00bbon|desktop\u00a0\u00bb button_text_color__hover=\u00a0\u00bb#FFFFFF\u00a0\u00bb button_border_color__hover_enabled=\u00a0\u00bbon|hover\u00a0\u00bb button_border_color__hover=\u00a0\u00bbRGBA(255,255,255,0)\u00a0\u00bb button_custom_padding__hover_enabled=\u00a0\u00bbon|hover\u00a0\u00bb button_custom_padding__hover=\u00a0\u00bb||||true|true\u00a0\u00bb sticky_enabled=\u00a0\u00bb0&Prime;][\/dipi_button_grid_child][dipi_button_grid_child button_id=\u00a0\u00bbEmballage\u00a0\u00bb button_text=\u00a0\u00bbEmballage\u00a0\u00bb button_link=\u00a0\u00bb@ET-DC@eyJkeW5hbWljIjp0cnVlLCJjb250ZW50IjoicG9zdF9saW5rX3VybF9wYWdlIiwic2V0dGluZ3MiOnsicG9zdF9pZCI6IjI2MDQzMDQyIn19@\u00a0\u00bb _builder_version=\u00a0\u00bb4.27.4&Prime; _dynamic_attributes=\u00a0\u00bbbutton_link\u00a0\u00bb _module_preset=\u00a0\u00bbdefault\u00a0\u00bb custom_button=\u00a0\u00bbon\u00a0\u00bb button_text_size=\u00a0\u00bb15px\u00a0\u00bb button_text_color=\u00a0\u00bb#7D8AA1&Prime; button_bg_color=\u00a0\u00bbRGBA(255,255,255,0)\u00a0\u00bb button_border_width=\u00a0\u00bb1px\u00a0\u00bb button_border_radius=\u00a0\u00bb3px\u00a0\u00bb button_letter_spacing=\u00a0\u00bb0.5px\u00a0\u00bb button_font=\u00a0\u00bbAvenir Next LT Pro Condensed|300||on|||||\u00a0\u00bb button_use_icon=\u00a0\u00bboff\u00a0\u00bb button_custom_padding=\u00a0\u00bb||||true|true\u00a0\u00bb custom_margin=\u00a0\u00bb||0px||false|false\u00a0\u00bb custom_css_main_element=\u00a0\u00bbwidth: 100% !important;\u00a0\u00bb custom_css_button_type=\u00a0\u00bbwidth: 100% !important;||text-align: center;\u00a0\u00bb global_colors_info=\u00a0\u00bb{}\u00a0\u00bb box_shadow_horizontal_button__hover_enabled=\u00a0\u00bbon|hover\u00a0\u00bb box_shadow_horizontal_button__hover=\u00a0\u00bb\u00a0\u00bb button_bg_color__hover_enabled=\u00a0\u00bbon|desktop\u00a0\u00bb button_bg_color__hover=\u00a0\u00bb#2D2E83&Prime; button_bg_enable_color__hover=\u00a0\u00bbon\u00a0\u00bb button_text_color__hover_enabled=\u00a0\u00bbon|desktop\u00a0\u00bb button_text_color__hover=\u00a0\u00bb#FFFFFF\u00a0\u00bb button_border_color__hover_enabled=\u00a0\u00bbon|hover\u00a0\u00bb button_border_color__hover=\u00a0\u00bbRGBA(255,255,255,0)\u00a0\u00bb][\/dipi_button_grid_child][\/dipi_button_grid][\/et_pb_column][et_pb_column type=\u00a0\u00bb3_4&Prime; _builder_version=\u00a0\u00bb4.16&Prime; _module_preset=\u00a0\u00bbdefault\u00a0\u00bb global_colors_info=\u00a0\u00bb{}\u00a0\u00bb][et_pb_text _builder_version=\u00a0\u00bb4.27.5&Prime; _module_preset=\u00a0\u00bbdefault\u00a0\u00bb text_font=\u00a0\u00bbAvenir Next LT Pro Condensed||||||||\u00a0\u00bb text_font_size=\u00a0\u00bb20px\u00a0\u00bb header_font=\u00a0\u00bbAvenir Next Pro Bold||||||||\u00a0\u00bb header_2_font=\u00a0\u00bbAvenir Next Pro Bold|800|||||||\u00a0\u00bb header_2_text_color=\u00a0\u00bb#000000&Prime; header_2_font_size=\u00a0\u00bb40px\u00a0\u00bb header_2_letter_spacing=\u00a0\u00bb0.5px\u00a0\u00bb header_2_line_height=\u00a0\u00bb1.5em\u00a0\u00bb custom_margin=\u00a0\u00bb||10px||false|false\u00a0\u00bb header_2_font_size_tablet=\u00a0\u00bb35px\u00a0\u00bb header_2_font_size_phone=\u00a0\u00bb30px\u00a0\u00bb header_2_font_size_last_edited=\u00a0\u00bbon|phone\u00a0\u00bb locked=\u00a0\u00bboff\u00a0\u00bb global_colors_info=\u00a0\u00bb{}\u00a0\u00bb]<\/p>\n<h2>Injection plastique pour le march\u00e9 m\u00e9dical<\/h2>\n<p style=\"text-align: justify;\">AXOPLAST met son savoir-faire industriel au service des acteurs du secteur m\u00e9dical, en concevant et produisant des pi\u00e8ces plastiques techniques sur mesure destin\u00e9es \u00e0 des applications m\u00e9dicales non-implantables, accessoires et composants fonctionnels.<\/p>\n<p style=\"text-align: justify;\">Sp\u00e9cialis\u00e9s dans l\u2019injection plastique et les d\u00e9veloppements sp\u00e9cifiques, nous apportons des r\u00e9ponses fiables, pr\u00e9cises et conformes aux besoins exigeants de vos projets, tout en respectant les meilleures pratiques de production.<\/p>\n<p style=\"text-align: justify;\">\u2714 Fabrication de pi\u00e8ces plastiques techniques adapt\u00e9es<br \/>\u2714 Mat\u00e9riaux techniques compatibles avec vos contraintes fonctionnelles<br \/>\u2714 Process de production dans un environement biocompatible<br \/>\u2714 Accompagnement technique personnalis\u00e9<\/p>\n<p style=\"text-align: justify;\">Nos solutions sont utilis\u00e9es pour : bo\u00eetiers et supports techniques, pi\u00e8ces de fixation et d\u2019interface, composants non-implantables \u00e0 haute pr\u00e9cision, accessoires plastiques fonctionnels pour \u00e9quipements m\u00e9dicaux.<\/p>\n<p>[\/et_pb_text][dipi_filterable_gallery include_term_ids=\u00a0\u00bb42&Prime; image_count=\u00a0\u00bb16&Prime; filter_bar_layout=\u00a0\u00bbcolumn\u00a0\u00bb filter_tab_alignment=\u00a0\u00bbstart\u00a0\u00bb show_all_filter=\u00a0\u00bboff\u00a0\u00bb grid_layout=\u00a0\u00bbgrid\u00a0\u00bb title_in_lightbox=\u00a0\u00bbon\u00a0\u00bb space_tabs=\u00a0\u00bb180px\u00a0\u00bb filter_bar_item_background_color_active=\u00a0\u00bbRGBA(255,255,255,0)\u00a0\u00bb module_class=\u00a0\u00bbaxopf\u00a0\u00bb _builder_version=\u00a0\u00bb4.27.4&Prime; _module_preset=\u00a0\u00bbdefault\u00a0\u00bb global_colors_info=\u00a0\u00bb{}\u00a0\u00bb][\/dipi_filterable_gallery][\/et_pb_column][\/et_pb_row][\/et_pb_section]<\/p>\n","protected":false},"excerpt":{"rendered":"<p><div class=\"et_pb_module dipi_breadcrumbs dipi_breadcrumbs_0\">\n\t\t\t\t\n\t\t\t\t\n\t\t\t\t\n\t\t\t\t\n\t\t\t\t\n\t\t\t\t\n\t\t\t\t<div class=\"et_pb_module_inner\">\n\t\t\t\t\t<div class=\"dipi-breadcrumbs dipi-bc-left\">\r\n                <ul >\r\n                    \r\n                                                        <li  class=\"dipi-breadcrumb-item dipi-breadcrumb-home\">\r\n\r\n                        \r\n                            <a  href=\"\">\r\n                                <span  >\r\n                                                                        Home                                <\/span>\r\n                            <\/a>\r\n\r\n                                                <meta itemprop=\"position\" content=\"1\"\/>                    <\/li>\r\n\r\n                    <li class=\"dipi-breadcrumb-separator\">\r\n                    <span class=\"et-pb-icon dipi-separator-icon\">$<\/span>\r\n                <\/li>                            \r\n                <\/ul>\r\n            <\/div>\n\t\t\t\t<\/div>\n\t\t\t<\/div><div class=\"et_pb_module dipi_button_grid dipi_button_grid_0\">\n\t\t\t\t\n\t\t\t\t\n\t\t\t\t\n\t\t\t\t\n\t\t\t\t\n\t\t\t\t\n\t\t\t\t<div class=\"et_pb_module_inner\">\n\t\t\t\t\t<div class=\"dipi-button-grid-container\">\r\n                \r\n            <\/div>\n\t\t\t\t<\/div>\n\t\t\t<\/div><div class=\"et_pb_module dipi_button_grid_child dipi_button_grid_child_0\">\n\t\t\t\t\n\t\t\t\t\n\t\t\t\t\n\t\t\t\t\n\t\t\t\t\n\t\t\t\t\n\t\t\t\t<div class=\"et_pb_module_inner\">\n\t\t\t\t\t<a class=\"et_pb_button dipi-button-grid dipi-button-wrap\" href=\"http:\/\/\u00bb\">\u00bbB\u00e2timent<\/a>\n\t\t\t\t<\/div>\n\t\t\t<\/div><\/p>","protected":false},"author":1,"featured_media":0,"parent":1013,"menu_order":0,"comment_status":"closed","ping_status":"closed","template":"","meta":{"_et_pb_use_builder":"on","_et_pb_old_content":"","_et_gb_content_width":"","footnotes":""},"dipi_cpt_category":[],"class_list":["post-26043039","page","type-page","status-publish","hentry"],"_links":{"self":[{"href":"https:\/\/www.axoplast.com\/en\/wp-json\/wp\/v2\/pages\/26043039","targetHints":{"allow":["GET"]}}],"collection":[{"href":"https:\/\/www.axoplast.com\/en\/wp-json\/wp\/v2\/pages"}],"about":[{"href":"https:\/\/www.axoplast.com\/en\/wp-json\/wp\/v2\/types\/page"}],"author":[{"embeddable":true,"href":"https:\/\/www.axoplast.com\/en\/wp-json\/wp\/v2\/users\/1"}],"replies":[{"embeddable":true,"href":"https:\/\/www.axoplast.com\/en\/wp-json\/wp\/v2\/comments?post=26043039"}],"version-history":[{"count":14,"href":"https:\/\/www.axoplast.com\/en\/wp-json\/wp\/v2\/pages\/26043039\/revisions"}],"predecessor-version":[{"id":27741622,"href":"https:\/\/www.axoplast.com\/en\/wp-json\/wp\/v2\/pages\/26043039\/revisions\/27741622"}],"up":[{"embeddable":true,"href":"https:\/\/www.axoplast.com\/en\/wp-json\/wp\/v2\/pages\/1013"}],"wp:attachment":[{"href":"https:\/\/www.axoplast.com\/en\/wp-json\/wp\/v2\/media?parent=26043039"}],"wp:term":[{"taxonomy":"dipi_cpt_category","embeddable":true,"href":"https:\/\/www.axoplast.com\/en\/wp-json\/wp\/v2\/dipi_cpt_category?post=26043039"}],"curies":[{"name":"wp","href":"https:\/\/api.w.org\/{rel}","templated":true}]}}